{"id":9,"date":"2013-02-25T22:50:24","date_gmt":"2013-02-25T20:50:24","guid":{"rendered":"http:\/\/www.intelligence-on-wheels.de\/?page_id=9"},"modified":"2013-02-26T02:35:58","modified_gmt":"2013-02-26T00:35:58","slug":"aktuelles","status":"publish","type":"page","link":"https:\/\/www.intelligence-on-wheels.de\/de\/aktuelles\/","title":{"rendered":"Aktuelles"},"content":{"rendered":"<div class=\"wp-cpl-sc-wrap wp-cpl-sc-theme-1\">\n        <div class=\"wp-cpl-sc-post\">\n        <h2><a href=\"https:\/\/www.intelligence-on-wheels.de\/de\/projekt-attractive-abgeschlossen\/\" title=\"Permalink to: Technisch unterst\u00fctzte B\u00dc Sicherung\">Technisch unterst\u00fctzte B\u00dc Sicherung<\/a><\/h2>\n        <div class=\"wp-cpl-sc-meta\">\n        <p>\n                        <span class=\"wp-cpl-sc-date\">5 Feb 26 <\/span>\n                                    <span class=\"wp-cpl-sc-author\"> - By <a href=\"http:\/\/www.intelligence-on-wheels.de\">thomas<\/a> <\/span>\n                                    <span class=\"wp-cpl-sc-comment\"> - <a href=\"https:\/\/www.intelligence-on-wheels.de\/de\/projekt-attractive-abgeschlossen\/#respond\">0 Comments<\/a><\/span>\n                    <\/p>\n    <\/div>\n            <div class=\"wp-cpl-sc-entry\">\n        <p>\n            An Bahn\u00fcberg\u00e4ngen begegnen sich unterschiedliche Verkehrstr\u00e4ger, sodass zum Schutz aller Beteiligten klare Regeln essenziell sind.\u2026        <\/p>\n                <p class=\"wp-cpl-sc-readmore\">\n            <a href=\"https:\/\/www.intelligence-on-wheels.de\/de\/projekt-attractive-abgeschlossen\/\">Continue Reading<\/a>\n        <\/p>\n            <\/div>\n        <div class=\"clear\"><\/div>\n<\/div>\n<div class=\"wp-cpl-sc-post\">\n        <h2><a href=\"https:\/\/www.intelligence-on-wheels.de\/de\/bue-gesichert\/\" title=\"Permalink to: B\u00dc gesichert\">B\u00dc gesichert<\/a><\/h2>\n        <div class=\"wp-cpl-sc-meta\">\n        <p>\n                        <span class=\"wp-cpl-sc-date\">1 Dec 25 <\/span>\n                                    <span class=\"wp-cpl-sc-author\"> - By <a href=\"http:\/\/www.intelligence-on-wheels.de\">thomas<\/a> <\/span>\n                                    <span class=\"wp-cpl-sc-comment\"> - <a href=\"https:\/\/www.intelligence-on-wheels.de\/de\/bue-gesichert\/#respond\">0 Comments<\/a><\/span>\n                    <\/p>\n    <\/div>\n            <div class=\"wp-cpl-sc-entry\">\n        <p>\n            An Bahn\u00fcberg\u00e4ngen begegnen sich unterschiedliche Verkehrstr\u00e4ger, weshalb klare Regeln zum Schutz aller Beteiligten notwendig sind. In Deutschland\u2026        <\/p>\n                <p class=\"wp-cpl-sc-readmore\">\n            <a href=\"https:\/\/www.intelligence-on-wheels.de\/de\/bue-gesichert\/\">Continue Reading<\/a>\n        <\/p>\n            <\/div>\n        <div class=\"clear\"><\/div>\n<\/div>\n<div class=\"wp-cpl-sc-post\">\n        <h2><a href=\"https:\/\/www.intelligence-on-wheels.de\/de\/sichere-drohnenkorridore-durch-schienenverkehrsmonitoring\/\" title=\"Permalink to: Sichere Drohnenkorridore durch Schienenverkehrsmonitoring\">Sichere Drohnenkorridore durch Schienenverkehrsmonitoring<\/a><\/h2>\n        <div class=\"wp-cpl-sc-meta\">\n        <p>\n                        <span class=\"wp-cpl-sc-date\">7 Nov 24 <\/span>\n                                    <span class=\"wp-cpl-sc-author\"> - By <a href=\"http:\/\/www.intelligence-on-wheels.de\">thomas<\/a> <\/span>\n                                    <span class=\"wp-cpl-sc-comment\"> - <a href=\"https:\/\/www.intelligence-on-wheels.de\/de\/sichere-drohnenkorridore-durch-schienenverkehrsmonitoring\/#respond\">0 Comments<\/a><\/span>\n                    <\/p>\n    <\/div>\n            <div class=\"wp-cpl-sc-entry\">\n        <p>\n            Im Projekt ALMODA, gef\u00f6rdert vom Bundesministerium f\u00fcr Digitales und Verkehr, haben wir wir einen grenz\u00fcberschreitenden Datenraum f\u00fcr sichere\u2026        <\/p>\n                <p class=\"wp-cpl-sc-readmore\">\n            <a href=\"https:\/\/www.intelligence-on-wheels.de\/de\/sichere-drohnenkorridore-durch-schienenverkehrsmonitoring\/\">Continue Reading<\/a>\n        <\/p>\n            <\/div>\n        <div class=\"clear\"><\/div>\n<\/div>\n<div class=\"wp-cpl-sc-post\">\n        <h2><a href=\"https:\/\/bmdv.bund.de\/SharedDocs\/DE\/Artikel\/DG\/mfund-projekte\/attractive.html\" title=\"Permalink to: Bahn\u00fcbergangsschutz\">Bahn\u00fcbergangsschutz<\/a><\/h2>\n        <div class=\"wp-cpl-sc-meta\">\n        <p>\n                        <span class=\"wp-cpl-sc-date\">1 Jul 24 <\/span>\n                                    <span class=\"wp-cpl-sc-author\"> - By <a href=\"http:\/\/www.intelligence-on-wheels.de\">thomas<\/a> <\/span>\n                                    <span class=\"wp-cpl-sc-comment\"> - <a href=\"https:\/\/bmdv.bund.de\/SharedDocs\/DE\/Artikel\/DG\/mfund-projekte\/attractive.html#respond\">0 Comments<\/a><\/span>\n                    <\/p>\n    <\/div>\n            <div class=\"wp-cpl-sc-entry\">\n        <p>\n            Im Projekt ATTRACTIVE wird ein neuer kosteng\u00fcnstiger technologischer Ansatz prototypisch umgesetzt werden, um die Wirksamkeit einer technischen\u2026        <\/p>\n                <p class=\"wp-cpl-sc-readmore\">\n            <a href=\"https:\/\/bmdv.bund.de\/SharedDocs\/DE\/Artikel\/DG\/mfund-projekte\/attractive.html\">Continue Reading<\/a>\n        <\/p>\n            <\/div>\n        <div class=\"clear\"><\/div>\n<\/div>\n<div class=\"wp-cpl-sc-post\">\n        <h2><a href=\"https:\/\/www.intelligence-on-wheels.de\/de\/treffen-sie-uns-in-lissabon-oder-barcelona\/\" title=\"Permalink to: Treffen Sie uns in Lissabon oder Barcelona\">Treffen Sie uns in Lissabon oder Barcelona<\/a><\/h2>\n        <div class=\"wp-cpl-sc-meta\">\n        <p>\n                        <span class=\"wp-cpl-sc-date\">7 Apr 24 <\/span>\n                                    <span class=\"wp-cpl-sc-author\"> - By <a href=\"http:\/\/www.intelligence-on-wheels.de\">thomas<\/a> <\/span>\n                                    <span class=\"wp-cpl-sc-comment\"> - <a href=\"https:\/\/www.intelligence-on-wheels.de\/de\/treffen-sie-uns-in-lissabon-oder-barcelona\/#respond\">0 Comments<\/a><\/span>\n                    <\/p>\n    <\/div>\n            <div class=\"wp-cpl-sc-entry\">\n        <p>\n            Wir kommen zu Ihnen! In K\u00fcrze werden wir unsere innovative Sicherheitstechnologie f\u00fcr Bahnen in zwei sehr interannten L\u00e4ndern pr\u00e4sentieren:\u2026        <\/p>\n                <p class=\"wp-cpl-sc-readmore\">\n            <a href=\"https:\/\/www.intelligence-on-wheels.de\/de\/treffen-sie-uns-in-lissabon-oder-barcelona\/\">Continue Reading<\/a>\n        <\/p>\n            <\/div>\n        <div class=\"clear\"><\/div>\n<\/div>\n<div class=\"wp-cpl-sc-post\">\n        <h2><a href=\"https:\/\/www.wibu.com\/de\/praxisbeispiele\/erfolgsgeschichten\/erfolgsgeschichten\/detail\/intelligence-on-wheels-deutschland-mobilitaet-und-verkehr.html\" title=\"Permalink to: Mehr Sicherheit im Bahnverkehr durch ein mit CodeMeter gesch\u00fctztes Kollisionsvermeidungssystem\">Mehr Sicherheit im Bahnverkehr durch ein mit CodeMeter gesch\u00fctztes Kollisionsvermeidungssystem<\/a><\/h2>\n        <div class=\"wp-cpl-sc-meta\">\n        <p>\n                        <span class=\"wp-cpl-sc-date\">20 Dec 23 <\/span>\n                                    <span class=\"wp-cpl-sc-author\"> - By <a href=\"http:\/\/www.intelligence-on-wheels.de\">thomas<\/a> <\/span>\n                                    <span class=\"wp-cpl-sc-comment\"> - <a href=\"https:\/\/www.wibu.com\/de\/praxisbeispiele\/erfolgsgeschichten\/erfolgsgeschichten\/detail\/intelligence-on-wheels-deutschland-mobilitaet-und-verkehr.html#respond\">0 Comments<\/a><\/span>\n                    <\/p>\n    <\/div>\n            <div class=\"wp-cpl-sc-entry\">\n        <p>\n            TrainCAS ist ein von Intelligence on Wheels (IoW) entwickeltes Kollisionswarnsystem, damit Bahnreisende unversehrt ihr Ziel erreichen. Es basiert auf\u2026        <\/p>\n                <p class=\"wp-cpl-sc-readmore\">\n            <a href=\"https:\/\/www.wibu.com\/de\/praxisbeispiele\/erfolgsgeschichten\/erfolgsgeschichten\/detail\/intelligence-on-wheels-deutschland-mobilitaet-und-verkehr.html\">Continue Reading<\/a>\n        <\/p>\n            <\/div>\n        <div class=\"clear\"><\/div>\n<\/div>\n<div class=\"wp-cpl-sc-post\">\n        <h2><a href=\"https:\/\/www.intelligence-on-wheels.de\/de\/almoda-website-launched\/\" title=\"Permalink to: ALMODA Webseite\">ALMODA Webseite<\/a><\/h2>\n        <div class=\"wp-cpl-sc-meta\">\n        <p>\n                        <span class=\"wp-cpl-sc-date\">1 Jun 23 <\/span>\n                                    <span class=\"wp-cpl-sc-author\"> - By <a href=\"http:\/\/www.intelligence-on-wheels.de\">thomas<\/a> <\/span>\n                                    <span class=\"wp-cpl-sc-comment\"> - <a href=\"https:\/\/www.intelligence-on-wheels.de\/de\/almoda-website-launched\/#respond\">0 Comments<\/a><\/span>\n                    <\/p>\n    <\/div>\n            <div class=\"wp-cpl-sc-entry\">\n        <p>\n            Die Webseite zum Projekt ALMODA, gef\u00f6rdert durch das Ministerium f\u00fcr Digitales und Verkehr(BMDV), wurde heute freigeschaltet. Kommen Sie\u2026        <\/p>\n                <p class=\"wp-cpl-sc-readmore\">\n            <a href=\"https:\/\/www.intelligence-on-wheels.de\/de\/almoda-website-launched\/\">Continue Reading<\/a>\n        <\/p>\n            <\/div>\n        <div class=\"clear\"><\/div>\n<\/div>\n<div class=\"wp-cpl-sc-post\">\n        <h2><a href=\"https:\/\/www.intelligence-on-wheels.de\/de\/magnetfeld-basierte-zuglokalisierung\/\" title=\"Permalink to: Magnetfeld basierte Zuglokalisierung\">Magnetfeld basierte Zuglokalisierung<\/a><\/h2>\n        <div class=\"wp-cpl-sc-meta\">\n        <p>\n                        <span class=\"wp-cpl-sc-date\">31 Mar 23 <\/span>\n                                    <span class=\"wp-cpl-sc-author\"> - By <a href=\"http:\/\/www.intelligence-on-wheels.de\">thomas<\/a> <\/span>\n                                    <span class=\"wp-cpl-sc-comment\"> - <a href=\"https:\/\/www.intelligence-on-wheels.de\/de\/magnetfeld-basierte-zuglokalisierung\/#respond\">0 Comments<\/a><\/span>\n                    <\/p>\n    <\/div>\n            <div class=\"wp-cpl-sc-entry\">\n        <p>\n            Im Fr\u00fchjahr 2023 konnten wir erfolgreich die Arbeiten am Projekt IMPACT (\"Intelligent Magnetic Positioning for Avoiding Collisions of Trains\")\u2026        <\/p>\n                <p class=\"wp-cpl-sc-readmore\">\n            <a href=\"https:\/\/www.intelligence-on-wheels.de\/de\/magnetfeld-basierte-zuglokalisierung\/\">Continue Reading<\/a>\n        <\/p>\n            <\/div>\n        <div class=\"clear\"><\/div>\n<\/div>\n<div class=\"wp-cpl-sc-post\">\n        <h2><a href=\"https:\/\/www.intelligence-on-wheels.de\/de\/bmdv-foerdert-intelligente-anwendungen-in-der-mobilitaet-und-logistik-mit-83-mio-euro\/\" title=\"Permalink to: BMDV f\u00f6rdert intelligente Anwendungen in der Mobilit\u00e4t und Logistik mit 8,3 Mio. Euro\">BMDV f\u00f6rdert intelligente Anwendungen in der Mobilit\u00e4t und Logistik mit 8,3 Mio. Euro<\/a><\/h2>\n        <div class=\"wp-cpl-sc-meta\">\n        <p>\n                        <span class=\"wp-cpl-sc-date\">25 Nov 22 <\/span>\n                                    <span class=\"wp-cpl-sc-author\"> - By <a href=\"http:\/\/www.intelligence-on-wheels.de\">thomas<\/a> <\/span>\n                                    <span class=\"wp-cpl-sc-comment\"> - <a href=\"https:\/\/www.intelligence-on-wheels.de\/de\/bmdv-foerdert-intelligente-anwendungen-in-der-mobilitaet-und-logistik-mit-83-mio-euro\/#respond\">0 Comments<\/a><\/span>\n                    <\/p>\n    <\/div>\n            <div class=\"wp-cpl-sc-entry\">\n        <p>\n            K\u00fcnstliche Intelligenz (KI) ist schon l\u00e4ngst Teil unseres Alltags. Wenn wir mit dem Sprachassistenten reden, Bilder am Smartphone versch\u00f6nern oder\u2026        <\/p>\n                <p class=\"wp-cpl-sc-readmore\">\n            <a href=\"https:\/\/www.intelligence-on-wheels.de\/de\/bmdv-foerdert-intelligente-anwendungen-in-der-mobilitaet-und-logistik-mit-83-mio-euro\/\">Continue Reading<\/a>\n        <\/p>\n            <\/div>\n        <div class=\"clear\"><\/div>\n<\/div>\n<div class=\"wp-cpl-sc-post\">\n        <h2><a href=\"https:\/\/www.intelligence-on-wheels.de\/de\/kollision-in-letzter-sekunde-verhindert\/\" title=\"Permalink to: Kollision in letzter Sekunde verhindert\">Kollision in letzter Sekunde verhindert<\/a><\/h2>\n        <div class=\"wp-cpl-sc-meta\">\n        <p>\n                        <span class=\"wp-cpl-sc-date\">30 Sep 22 <\/span>\n                                    <span class=\"wp-cpl-sc-author\"> - By <a href=\"http:\/\/www.intelligence-on-wheels.de\">thomas<\/a> <\/span>\n                                    <span class=\"wp-cpl-sc-comment\"> - <a href=\"https:\/\/www.intelligence-on-wheels.de\/de\/kollision-in-letzter-sekunde-verhindert\/#respond\">0 Comments<\/a><\/span>\n                    <\/p>\n    <\/div>\n            <div class=\"wp-cpl-sc-entry\">\n        <p>\n            Ein Zug der AMT-Eisenbahnlinie Genua-Casella in Italien wurde nur wenige Sekunden vor dem Aufprall auf ein Wartungsfahrzeug gestoppt, nachdem das\u2026        <\/p>\n                <p class=\"wp-cpl-sc-readmore\">\n            <a href=\"https:\/\/www.intelligence-on-wheels.de\/de\/kollision-in-letzter-sekunde-verhindert\/\">Continue Reading<\/a>\n        <\/p>\n            <\/div>\n        <div class=\"clear\"><\/div>\n<\/div>\n<\/div>\n\n","protected":false},"excerpt":{"rendered":"","protected":false},"author":4,"featured_media":0,"parent":0,"menu_order":0,"comment_status":"closed","ping_status":"closed","template":"news.php","meta":{"_links_to":"","_links_to_target":""},"_links":{"self":[{"href":"https:\/\/www.intelligence-on-wheels.de\/de\/wp-json\/wp\/v2\/pages\/9"}],"collection":[{"href":"https:\/\/www.intelligence-on-wheels.de\/de\/wp-json\/wp\/v2\/pages"}],"about":[{"href":"https:\/\/www.intelligence-on-wheels.de\/de\/wp-json\/wp\/v2\/types\/page"}],"author":[{"embeddable":true,"href":"https:\/\/www.intelligence-on-wheels.de\/de\/wp-json\/wp\/v2\/users\/4"}],"replies":[{"embeddable":true,"href":"https:\/\/www.intelligence-on-wheels.de\/de\/wp-json\/wp\/v2\/comments?post=9"}],"version-history":[{"count":3,"href":"https:\/\/www.intelligence-on-wheels.de\/de\/wp-json\/wp\/v2\/pages\/9\/revisions"}],"predecessor-version":[{"id":485,"href":"https:\/\/www.intelligence-on-wheels.de\/de\/wp-json\/wp\/v2\/pages\/9\/revisions\/485"}],"wp:attachment":[{"href":"https:\/\/www.intelligence-on-wheels.de\/de\/wp-json\/wp\/v2\/media?parent=9"}],"curies":[{"name":"wp","href":"https:\/\/api.w.org\/{rel}","templated":true}]}}