{"id":456,"date":"2014-09-23T09:00:40","date_gmt":"2014-09-23T07:00:40","guid":{"rendered":"http:\/\/www.intelligence-on-wheels.de\/?page_id=456"},"modified":"2018-09-15T12:05:37","modified_gmt":"2018-09-15T10:05:37","slug":"twp","status":"publish","type":"page","link":"https:\/\/www.intelligence-on-wheels.de\/de\/products\/twp\/","title":{"rendered":"Track Worker Protection"},"content":{"rendered":"<h2>Gleisarbeiterschutz<\/h2>\n<p>Gleisarbeiter sind st\u00e4ndig dem Risiko ausgesetzt, von Z\u00fcgen in Gefahr gebracht zu werden, wie auch j\u00fcngste F\u00e4lle in <a href=\"https:\/\/www.welt.de\/regionales\/sachsen-anhalt\/article160184093\/ICE-erfasst-zwei-Techniker.html\" target=\"_blank\" rel=\"noopener noreferrer\">2016<\/a>, <a href=\"https:\/\/bahnblogstelle.net\/2017\/10\/27\/zwei-bahn-mitarbeiterinnen-vom-zug-erfasst-personenunfall-am-bahnhof-freilassing\/\" target=\"_blank\" rel=\"noopener noreferrer\">2017<\/a> und <a href=\"https:\/\/www.radio-trausnitz.de\/zug-erfasst-gleisarbeiter-34436\/\" target=\"_blank\" rel=\"noopener noreferrer\">2018<\/a> wieder belegen. Die Unfall- und Opferzahlen bleiben <a href=\"http:\/\/www.intelligence-on-wheels.de\/wp-content\/uploads\/2018\/09\/eu-statistik-trackworkers-diagrammOnly.pdf\" title=\"Fatalities and serious injuries to railway workers (EU-28; 2006-2015) according EU Railway Safety Performance Report 2017, excludes Croatia prior to 2010\">in der EU auf hohem Niveau<\/a>. Gleisbau- und Instandhaltungsunternehmen begegnen dem Risiko durch den Einsatz von Sicherheitskr\u00e4ften und von Technologie (z.B. Warnhupe mit verdrahteten Kontakten). Nachteile dieses Ansatzes sind die hohen Kosten f\u00fcr zus\u00e4tzliches Personal sowie die Komplexit\u00e4t im Umgang mit der Technik. Trotz all dieser Bem\u00fchungen gibt es in einigen Regionen der Welt j\u00e4hrlich viele 10 bis mehrere 100 Unf\u00e4lle mit Gleisarbeitern, die von einem Zug getroffen werden. Daher ist es sinnvoll auch Gleisarbeiter mit einer angepassten Version unserer Schutztechnik auszustatten, um die Wahrscheinlichkeit von Kollisionen mit herannahenden Z\u00fcgen zu minimieren.<\/p>\n<p><iframe loading=\"lazy\" src=\"https:\/\/www.youtube.com\/embed\/rPRqhJpBJIY\" width=\"560\" height=\"315\" frameborder=\"0\" allowfullscreen=\"allowfullscreen\"><\/iframe><\/p>\n<p>Tats\u00e4chlich ist es unser Ziel, dass <strong>jeder, der eine reflektierende Weste tr\u00e4gt, auch eine elektronische und pers\u00f6nliche Schutzausr\u00fcstung<\/strong> mit sich tragen sollte. Das kann das Smartphone des Gleisarbeiters sein, das mit der Track Worker Protection App ausgestattet ist, oder besser noch ein hybrides Smartphone mit TETRA-Modul. Wegen der langen Bremswege der Z\u00fcge kann ein drohender Zusammensto\u00df ohnehin nur vom Gleisarbeiter verhindert werden. <a href=\"http:\/\/www.intelligence-on-wheels.de\/wp-content\/uploads\/2016\/08\/iow_sg4_flyer_web.pdf\"><img class=\"alignright size-medium wp-image-1219\" src=\"http:\/\/www.intelligence-on-wheels.de\/wp-content\/uploads\/2016\/12\/jacke-226x300.jpg\" alt=\"Smartphone in Safety Wear\" width=\"80\" srcset=\"https:\/\/www.intelligence-on-wheels.de\/wp-content\/uploads\/2016\/12\/jacke-226x300.jpg 226w, https:\/\/www.intelligence-on-wheels.de\/wp-content\/uploads\/2016\/12\/jacke-768x1019.jpg 768w, https:\/\/www.intelligence-on-wheels.de\/wp-content\/uploads\/2016\/12\/jacke-630x836.jpg 630w, https:\/\/www.intelligence-on-wheels.de\/wp-content\/uploads\/2016\/12\/jacke.jpg 1133w\" sizes=\"(max-width: 226px) 100vw, 226px\" \/><\/a><\/p>\n<div id=\"1\" style=\"width: 310px\" class=\"wp-caption alignleft\"><img aria-describedby=\"caption-1\" loading=\"lazy\" class=\"alignleft size-medium wp-image-616\" title=\"maintenance-wales\" src=\"http:\/\/www.intelligence-on-wheels.de\/wp-content\/uploads\/2012\/11\/maintenance-wales-300x150.jpg\" alt=\"railway track workers\" width=\"300\" height=\"150\" srcset=\"https:\/\/www.intelligence-on-wheels.de\/wp-content\/uploads\/2012\/11\/maintenance-wales-300x150.jpg 300w, https:\/\/www.intelligence-on-wheels.de\/wp-content\/uploads\/2012\/11\/maintenance-wales.jpg 600w\" sizes=\"(max-width: 300px) 100vw, 300px\" \/><p id=\"caption-1\" class=\"wp-caption-text\">(c) Image by Network Rail UK.<\/p><\/div>\n<p>So werden wir die Sicherheit in allen Bereich der Bahn mit unseren neuen Technologie sicherer machen.<\/p>\n<p>&nbsp;<\/p>\n<p><a href=\"http:\/\/www.intelligence-on-wheels.de\/wp-content\/uploads\/2016\/08\/iow_sg4_flyer_web.pdf\">Download des Flyers (nur Englisch)<\/a> der Smartphone App oder des <a href=\"http:\/\/www.intelligence-on-wheels.de\/wp-content\/uploads\/2018\/09\/iow_flyer_TWP_web.pdf\">Datenblatts<\/a>.<\/p>\n<p>&nbsp;<\/p>\n<p>Unsere Track Worker Protection App wurde u.a. auf der IEEE Vehicular Networking Conference (VNC 2016) als Gewinner <a href=\"https:\/\/www.intelligence-on-wheels.de\/track-worker-protection-won-app-contest\/\">ausgezeichnet<\/a>.<\/p>\n","protected":false},"excerpt":{"rendered":"<p>Gleisarbeiterschutz Gleisarbeiter sind st\u00e4ndig dem Risiko ausgesetzt, von Z\u00fcgen in Gefahr gebracht zu werden, wie auch j\u00fcngste F\u00e4lle in 2016, 2017 und 2018 wieder belegen. Die Unfall- und Opferzahlen bleiben&#8230;<\/p>\n","protected":false},"author":4,"featured_media":0,"parent":440,"menu_order":13,"comment_status":"closed","ping_status":"closed","template":"","meta":{"_links_to":"","_links_to_target":""},"_links":{"self":[{"href":"https:\/\/www.intelligence-on-wheels.de\/de\/wp-json\/wp\/v2\/pages\/456"}],"collection":[{"href":"https:\/\/www.intelligence-on-wheels.de\/de\/wp-json\/wp\/v2\/pages"}],"about":[{"href":"https:\/\/www.intelligence-on-wheels.de\/de\/wp-json\/wp\/v2\/types\/page"}],"author":[{"embeddable":true,"href":"https:\/\/www.intelligence-on-wheels.de\/de\/wp-json\/wp\/v2\/users\/4"}],"replies":[{"embeddable":true,"href":"https:\/\/www.intelligence-on-wheels.de\/de\/wp-json\/wp\/v2\/comments?post=456"}],"version-history":[{"count":26,"href":"https:\/\/www.intelligence-on-wheels.de\/de\/wp-json\/wp\/v2\/pages\/456\/revisions"}],"predecessor-version":[{"id":1775,"href":"https:\/\/www.intelligence-on-wheels.de\/de\/wp-json\/wp\/v2\/pages\/456\/revisions\/1775"}],"up":[{"embeddable":true,"href":"https:\/\/www.intelligence-on-wheels.de\/de\/wp-json\/wp\/v2\/pages\/440"}],"wp:attachment":[{"href":"https:\/\/www.intelligence-on-wheels.de\/de\/wp-json\/wp\/v2\/media?parent=456"}],"curies":[{"name":"wp","href":"https:\/\/api.w.org\/{rel}","templated":true}]}}