{"id":448,"date":"2014-09-23T09:00:13","date_gmt":"2014-09-23T07:00:13","guid":{"rendered":"http:\/\/www.intelligence-on-wheels.de\/?page_id=448"},"modified":"2019-04-17T15:38:17","modified_gmt":"2019-04-17T13:38:17","slug":"portable","status":"publish","type":"page","link":"https:\/\/www.intelligence-on-wheels.de\/de\/products\/portable\/","title":{"rendered":"Portable Fahrzeugeinheit"},"content":{"rendered":"<h2>Portable Fahrzeugeinheit<\/h2>\n<p><a href=\"https:\/\/www.intelligence-on-wheels.de\/wp-content\/uploads\/2016\/09\/iow_flyer_PortableTrainUnit_web.pdf\" target=\"_blank\" rel=\"noopener noreferrer\"><img loading=\"lazy\" class=\"alignleft\" title=\"Portable Unit\" src=\"https:\/\/www.intelligence-on-wheels.de\/wp-content\/uploads\/2014\/10\/140708_IOW_FH010-300x200.jpg\" alt=\"\" width=\"300\" height=\"200\" \/><\/a><\/p>\n<p>Eine portable Version unserer TrainCAS Fahrzeugeinheit ist f\u00fcr den tempor\u00e4ren Einsatz auf Lokomotiven, Triebwagen oder Waggons gedacht. Ein typischer Anwendungsfall f\u00fcr die portable Einheit sind Wartungsfahrzeuge (yellow fleet), die nur kurz auf dem jeweiligen Netz eines Betreibers zum Einsatz kommen. Desweiteren k\u00f6nnen zu wartende Fahrzeuge mit dem portable TrainCAS tempor\u00e4r ausger\u00fcstet werden, um so die Unfallgefahr w\u00e4hrend des Verweils auf dem Werksgel\u00e4nde zu reduzieren. Da die Ger\u00e4te \u00fcber einen Akku verf\u00fcgen, k\u00f6nnen f\u00fcr einen Zeitraum<br \/>\nvon einigen Stunden auch Fahrzeuge ohne eigene Stromversorgung wie G\u00fcterwaggons &#8222;sichtbar&#8220; gemacht werden.<\/p>\n<p>Download des <a href=\"https:\/\/www.intelligence-on-wheels.de\/wp-content\/uploads\/2016\/09\/iow_flyer_PortableTrainUnit_web.pdf\" target=\"_blank\" rel=\"noopener noreferrer\">Datenblatts (nur Englisch)<\/a>.<\/p>\n","protected":false},"excerpt":{"rendered":"<p>Portable Fahrzeugeinheit Eine portable Version unserer TrainCAS Fahrzeugeinheit ist f\u00fcr den tempor\u00e4ren Einsatz auf Lokomotiven, Triebwagen oder Waggons gedacht. Ein typischer Anwendungsfall f\u00fcr die portable Einheit sind Wartungsfahrzeuge (yellow fleet),&#8230;<\/p>\n","protected":false},"author":4,"featured_media":1724,"parent":440,"menu_order":0,"comment_status":"closed","ping_status":"open","template":"","meta":{"_links_to":"","_links_to_target":""},"_links":{"self":[{"href":"https:\/\/www.intelligence-on-wheels.de\/de\/wp-json\/wp\/v2\/pages\/448"}],"collection":[{"href":"https:\/\/www.intelligence-on-wheels.de\/de\/wp-json\/wp\/v2\/pages"}],"about":[{"href":"https:\/\/www.intelligence-on-wheels.de\/de\/wp-json\/wp\/v2\/types\/page"}],"author":[{"embeddable":true,"href":"https:\/\/www.intelligence-on-wheels.de\/de\/wp-json\/wp\/v2\/users\/4"}],"replies":[{"embeddable":true,"href":"https:\/\/www.intelligence-on-wheels.de\/de\/wp-json\/wp\/v2\/comments?post=448"}],"version-history":[{"count":11,"href":"https:\/\/www.intelligence-on-wheels.de\/de\/wp-json\/wp\/v2\/pages\/448\/revisions"}],"predecessor-version":[{"id":1891,"href":"https:\/\/www.intelligence-on-wheels.de\/de\/wp-json\/wp\/v2\/pages\/448\/revisions\/1891"}],"up":[{"embeddable":true,"href":"https:\/\/www.intelligence-on-wheels.de\/de\/wp-json\/wp\/v2\/pages\/440"}],"wp:featuredmedia":[{"embeddable":true,"href":"https:\/\/www.intelligence-on-wheels.de\/de\/wp-json\/wp\/v2\/media\/1724"}],"wp:attachment":[{"href":"https:\/\/www.intelligence-on-wheels.de\/de\/wp-json\/wp\/v2\/media?parent=448"}],"curies":[{"name":"wp","href":"https:\/\/api.w.org\/{rel}","templated":true}]}}