{"id":443,"date":"2013-02-25T22:45:36","date_gmt":"2013-02-25T20:45:36","guid":{"rendered":"http:\/\/www.intelligence-on-wheels.de\/?page_id=443"},"modified":"2021-01-05T22:45:00","modified_gmt":"2021-01-05T20:45:00","slug":"karriere","status":"publish","type":"page","link":"https:\/\/www.intelligence-on-wheels.de\/de\/karriere\/","title":{"rendered":"Karriere"},"content":{"rendered":"<p><img loading=\"lazy\" class=\"alignright size-medium wp-image-715\" title=\"JobCloudT\" src=\"http:\/\/www.intelligence-on-wheels.de\/wp-content\/uploads\/2013\/09\/jobcloud4-300x164.png\" alt=\"\" width=\"300\" height=\"164\" srcset=\"https:\/\/www.intelligence-on-wheels.de\/wp-content\/uploads\/2013\/09\/jobcloud4-300x164.png 300w, https:\/\/www.intelligence-on-wheels.de\/wp-content\/uploads\/2013\/09\/jobcloud4-630x345.png 630w, https:\/\/www.intelligence-on-wheels.de\/wp-content\/uploads\/2013\/09\/jobcloud4.png 794w\" sizes=\"(max-width: 300px) 100vw, 300px\" \/><\/p>\n<h2>Offene Stellen<\/h2>\n<p>Aktuell haben wir folgende offenen Stellen zu besetzen:<\/p>\n<ul>\n<li style=\"list-style-type: none;\">Vertrieb \/ Gesch\u00e4ftsentwicklung (m\/w\/d) mit Erfahrungen im Eisenbahnmarkt<\/li>\n<\/ul>\n<p>Sie k\u00f6nnen uns auch gerne eine Initiativbewerbung schicken. Dazu k\u00f6nnen Sie unsere Kontaktseite nutzen, um uns Ihr Profil sowei die \u00fcblichen Anlagen wie Motivation, Lebenslauf, Bild und Referenzen zukommen zu lassen.<\/p>\n<p><i>Bitte besuchen Sie diese Seite \u00f6ftern, um nicht die Chance auf einen attraktiven Job zu verpassen.<\/i><\/p>\n","protected":false},"excerpt":{"rendered":"<p>Offene Stellen Aktuell haben wir folgende offenen Stellen zu besetzen: Vertrieb \/ Gesch\u00e4ftsentwicklung (m\/w\/d) mit Erfahrungen im Eisenbahnmarkt Sie k\u00f6nnen uns auch gerne eine Initiativbewerbung schicken. Dazu k\u00f6nnen Sie unsere&#8230;<\/p>\n","protected":false},"author":4,"featured_media":0,"parent":0,"menu_order":8,"comment_status":"closed","ping_status":"open","template":"","meta":{"_links_to":"","_links_to_target":""},"_links":{"self":[{"href":"https:\/\/www.intelligence-on-wheels.de\/de\/wp-json\/wp\/v2\/pages\/443"}],"collection":[{"href":"https:\/\/www.intelligence-on-wheels.de\/de\/wp-json\/wp\/v2\/pages"}],"about":[{"href":"https:\/\/www.intelligence-on-wheels.de\/de\/wp-json\/wp\/v2\/types\/page"}],"author":[{"embeddable":true,"href":"https:\/\/www.intelligence-on-wheels.de\/de\/wp-json\/wp\/v2\/users\/4"}],"replies":[{"embeddable":true,"href":"https:\/\/www.intelligence-on-wheels.de\/de\/wp-json\/wp\/v2\/comments?post=443"}],"version-history":[{"count":8,"href":"https:\/\/www.intelligence-on-wheels.de\/de\/wp-json\/wp\/v2\/pages\/443\/revisions"}],"predecessor-version":[{"id":2060,"href":"https:\/\/www.intelligence-on-wheels.de\/de\/wp-json\/wp\/v2\/pages\/443\/revisions\/2060"}],"wp:attachment":[{"href":"https:\/\/www.intelligence-on-wheels.de\/de\/wp-json\/wp\/v2\/media?parent=443"}],"curies":[{"name":"wp","href":"https:\/\/api.w.org\/{rel}","templated":true}]}}