{"id":440,"date":"2012-11-12T20:24:34","date_gmt":"2012-11-12T18:24:34","guid":{"rendered":"http:\/\/www.intelligence-on-wheels.de\/?page_id=440"},"modified":"2018-09-14T14:14:15","modified_gmt":"2018-09-14T12:14:15","slug":"products","status":"publish","type":"page","link":"https:\/\/www.intelligence-on-wheels.de\/de\/products\/","title":{"rendered":"Produkte"},"content":{"rendered":"<h2>Kollisionswarnsystem TrainCAS<\/h2>\n<p>Unser wichtigstes Produkt ist ein Kollisionswarnsystem f\u00fcr den Einsatz im Bahnverkehr, das auf der im DLR entwickelten RCAS-Technologie basiert. Es kombiniert drei Kerntechnologien: ein direktes Zug-zu-Zug-Kommunikationssystem, ein pr\u00e4zises Lokalisierungssystem und ein kooperatives Situationsanalyse- und Entscheidungsunterst\u00fctzungssystem. Innovationsorientierte Eisenbahnverkehrsunternehmen haben die Technologie in ihrem Fuhrpark installiert, um damit das gro\u00dfe Potenzial zur Rettung von Menschenleben und zur Vermeidung von Sch\u00e4den zu nutzen. Im Gegensatz zu &#8222;traditionellen&#8220; technischen Zugsicherungssystemen ben\u00f6tigt der Ansatz keine Technik in der Infrastruktur, d.h. entlang der Bahnstrecke, sondern setzt ausschlie\u00dflich auf Sensorik und Kommunikationstechnik in den Z\u00fcgen.<\/p>\n<p><img loading=\"lazy\" class=\"alignleft size-full wp-image-385\" title=\"TrainCAS\" src=\"http:\/\/www.intelligence-on-wheels.de\/wp-content\/uploads\/2012\/12\/RCAS_1.jpg\" alt=\"\" width=\"625\" height=\"270\" srcset=\"https:\/\/www.intelligence-on-wheels.de\/wp-content\/uploads\/2012\/12\/RCAS_1.jpg 625w, https:\/\/www.intelligence-on-wheels.de\/wp-content\/uploads\/2012\/12\/RCAS_1-300x129.jpg 300w\" sizes=\"(max-width: 625px) 100vw, 625px\" \/><\/p>\n<p>Einer der gr\u00f6\u00dften Vorteile unserer Produktreihe ist daher die M\u00f6glichkeit sie in jedem Zug installieren zu k\u00f6nnen, ohne eine Ver\u00e4nderung an der Schieneninfrastruktur vornehmen zu m\u00fcssen. Keine zus\u00e4tzlichen \u00c4nderungen, keine zus\u00e4tzlichen Kosten. Schritt f\u00fcr Schritt kann jedes Schienenfahrzeug mit unserem Produkt ausgestattet werden (z.B. mit unserer <a href=\"https:\/\/www.intelligence-on-wheels.de\/de\/products\/train19\/\">19&#8243; Fahrzeugeinheit zum Festeinbau<\/a> zusammen mit einem unserer <a href=\"https:\/\/www.intelligence-on-wheels.de\/de\/products\/hmi\/\">Triebfahrzeugf\u00fchrer-Displays (HMI)<\/a>, oder unsere all-in-one <a href=\"https:\/\/www.intelligence-on-wheels.de\/de\/products\/portable\/\">portable Fahrzeugeinheit<\/a>) und sie beginnen sofort mit jeder anderen Einheit in Reichweite zu kommunizieren und Daten auszutauschen, einschlie\u00dflich etwaiger <a href=\"https:\/\/www.intelligence-on-wheels.de\/de\/products\/beacon\/\">Pr\u00fcfbaken<\/a>. Es ist auch m\u00f6glich, Einheiten auf Schienenfahrzeugen oder anderen Objekten (z.Bsp. Prellb\u00f6cke) zu montieren, die f\u00fcr Z\u00fcge zum Hindernis werden k\u00f6nnten, um sie bei der Situationsanalyse zu ber\u00fccksichtigen. Alle anderen Z\u00fcge k\u00f6nnen ihren Betrieb auf der Basis der vorhandenen traditionellen Sicherheitsverfahren fortsetzen, auch im Mischbetrieb. Unser Produkt ist n\u00e4mlich kein System, das bestehende Sicherheitssysteme ersetzt, sondern arbeitet als sogenanntes &#8222;Overlay-System&#8220;, d.h. es bietet zus\u00e4tzliche Sicherheit zu den bereits im Einsatz befindlichen Systemen.<\/p>\n<p>Der Schutz unseres Kollisionswarnsystems erstreckt sich nicht nur auf Z\u00fcge untereinander: Unser <a href=\"https:\/\/www.intelligence-on-wheels.de\/de\/products\/twp\/\">Track Worker Protection<\/a> Produkt sch\u00fctzt Streckenarbeiter vor sich n\u00e4hernden Z\u00fcgen, und unsere <a title=\"Emergency Vehicle Protection\" href=\"https:\/\/www.intelligence-on-wheels.de\/products\/evp\/\">Emergency Vehicle Protection<\/a> addressiert die besonderen Aufgaben stra\u00dfengebundener Einsatzfahrzeuge wie Polizei, Feuerwehr und Rettungswagen.<\/p>\n<p>Obwohl TrainCAS technisch nicht auf bestimmte Betriebsformen limitiert ist, eignet es sich besonders f\u00fcr kleine bis mittlere Betreiber, die Lokal-, Regional- und Industriebahnen mit typischerweise einigen 10 Lokomotiven betreiben. Auch Betreiber von Hochgeschwindigkeitsz\u00fcgen werden adressiert, wobei TrainCAS hier ein Migrationsschritt ist, der das heutige Sicherheitsniveau oder das der Zukunft (z.B. ETCS), erh\u00f6ht. Unser Produkt ist so konzipiert, dass es mit jedem bestehenden und zuk\u00fcnftigen technischen Sicherheitssystem auf und in der Bahninfrastruktur koexistieren kann. Hier kann TrainCAS mit seinem attraktiven Preis-\/Sicherheitsverh\u00e4ltnis \u00fcberzeugen: Wie keine andere Sicherheitstechnik skaliert TrainCAS nicht mit der Anzahl der Streckenkilometer, sondern nur mit der Anzahl der Z\u00fcge.<\/p>\n<p>Unseren Kunden wird eine Vielzahl von Dienstleistungen und weiteren Funktionen angeboten. So bieten wir z.B. die Erstellung besonders <a href=\"https:\/\/www.intelligence-on-wheels.de\/de\/products\/maps\/\">hochwertigen Kartenmaterials<\/a> an. Das Kartenmaterial ist Basis weiterer Funktionen wie z.B. der Geschwindigkeits\u00fcberwachung.<\/p>\n<p><img loading=\"lazy\" class=\"size-large wp-image-1284\" src=\"http:\/\/www.intelligence-on-wheels.de\/wp-content\/uploads\/2017\/10\/iow_warnsystem_magazin-grafik_2-630x256.jpg\" alt=\"map\" width=\"630\" height=\"256\" srcset=\"https:\/\/www.intelligence-on-wheels.de\/wp-content\/uploads\/2017\/10\/iow_warnsystem_magazin-grafik_2-630x256.jpg 630w, https:\/\/www.intelligence-on-wheels.de\/wp-content\/uploads\/2017\/10\/iow_warnsystem_magazin-grafik_2-300x122.jpg 300w, https:\/\/www.intelligence-on-wheels.de\/wp-content\/uploads\/2017\/10\/iow_warnsystem_magazin-grafik_2-768x312.jpg 768w\" sizes=\"(max-width: 630px) 100vw, 630px\" \/><\/p>\n","protected":false},"excerpt":{"rendered":"<p>Kollisionswarnsystem TrainCAS Unser wichtigstes Produkt ist ein Kollisionswarnsystem f\u00fcr den Einsatz im Bahnverkehr, das auf der im DLR entwickelten RCAS-Technologie basiert. Es kombiniert drei Kerntechnologien: ein direktes Zug-zu-Zug-Kommunikationssystem, ein pr\u00e4zises&#8230;<\/p>\n","protected":false},"author":4,"featured_media":0,"parent":0,"menu_order":13,"comment_status":"closed","ping_status":"closed","template":"","meta":{"_links_to":"","_links_to_target":""},"_links":{"self":[{"href":"https:\/\/www.intelligence-on-wheels.de\/de\/wp-json\/wp\/v2\/pages\/440"}],"collection":[{"href":"https:\/\/www.intelligence-on-wheels.de\/de\/wp-json\/wp\/v2\/pages"}],"about":[{"href":"https:\/\/www.intelligence-on-wheels.de\/de\/wp-json\/wp\/v2\/types\/page"}],"author":[{"embeddable":true,"href":"https:\/\/www.intelligence-on-wheels.de\/de\/wp-json\/wp\/v2\/users\/4"}],"replies":[{"embeddable":true,"href":"https:\/\/www.intelligence-on-wheels.de\/de\/wp-json\/wp\/v2\/comments?post=440"}],"version-history":[{"count":12,"href":"https:\/\/www.intelligence-on-wheels.de\/de\/wp-json\/wp\/v2\/pages\/440\/revisions"}],"predecessor-version":[{"id":1732,"href":"https:\/\/www.intelligence-on-wheels.de\/de\/wp-json\/wp\/v2\/pages\/440\/revisions\/1732"}],"wp:attachment":[{"href":"https:\/\/www.intelligence-on-wheels.de\/de\/wp-json\/wp\/v2\/media?parent=440"}],"curies":[{"name":"wp","href":"https:\/\/api.w.org\/{rel}","templated":true}]}}