{"id":423,"date":"2013-02-25T22:22:19","date_gmt":"2013-02-25T20:22:19","guid":{"rendered":"http:\/\/www.intelligence-on-wheels.de\/?page_id=423"},"modified":"2018-08-06T15:03:07","modified_gmt":"2018-08-06T13:03:07","slug":"unternehmen-2","status":"publish","type":"page","link":"https:\/\/www.intelligence-on-wheels.de\/de\/unternehmen-2\/","title":{"rendered":"Unternehmen"},"content":{"rendered":"<h2>Unser Hintergrund<\/h2>\n<p>Unser Hintergrund in der Luft- und Raumfahrt zahlt sich f\u00fcr diese Ausgr\u00fcndung des DLR aus. Nicht nur das in Flugzeugen eingesetzte Antikollisionssystem TCAS hat uns zu einem Technologietransfer in den Bahnbereich inspiriert. Insbesondere die Anforderungen an die Positioniergenauigkeit und die erforderliche hohe Systemverf\u00fcgbarkeit f\u00fcr die Zugkollisionsvermeidung waren anspruchsvoll in der Realisierung, da sie mit Hilfe von Global Navigation Satellite Systems (GNSS) nicht auf einfache Weise gel\u00f6st werden k\u00f6nnen. Unser tiefes Verst\u00e4ndnis der GNSS-Architektur, der Algorithmen und Fehlerquellen sowie von Erweiterungen wie SBAS\/GBAS ist notwendig, um die Probleme beim Einsatz von GNSS unter Bahnbetriebsbedingungen in spezifischen Eisenbahnumgebungen zu verstehen und zu l\u00f6sen. Ebenso erforderte das kooperative direkte Zug-zu-Zug-Kommunikationssystem eine umfassende Kenntnis der Datenfunk-Bedingungen in typischen Bahnumgebungen unter hoher Last. F\u00fcr sicherheitskritische Anwendungen wie die Kollisionsvermeidung ist eine besonders robuste und zuverl\u00e4ssige Positionierung sowie Kommunikation unerl\u00e4sslich, und so wurde der Fokus der Forschung auf die geeignete und optimierte Technologie gelegt. Selbstverst\u00e4ndlich werden die laufenden Entwicklungen bei Galileo und seinen Diensten aufmerksam verfolgt.<\/p>\n<p>Werfen Sie einen Blick auf unser <a title=\"Unser Team\" href=\"http:\/\/www.intelligence-on-wheels.de\/company\/our-team\/\">Team<\/a>, <a title=\"Contact\" href=\"http:\/\/www.intelligence-on-wheels.de\/company\/contact\/\">kontaktieren<\/a> oder <a title=\"Ihr Weg zu uns\" href=\"http:\/\/www.intelligence-on-wheels.de\/company\/map-and-route\/\">besuchen sie uns<\/a>, und erfahren Sie, wer uns <a title=\"Unsere Unterst\u00fctzer\" href=\"http:\/\/www.intelligence-on-wheels.de\/company\/supporters\/\">unterst\u00fctzt<\/a>.<\/p>\n","protected":false},"excerpt":{"rendered":"<p>Unser Hintergrund Unser Hintergrund in der Luft- und Raumfahrt zahlt sich f\u00fcr diese Ausgr\u00fcndung des DLR aus. Nicht nur das in Flugzeugen eingesetzte Antikollisionssystem TCAS hat uns zu einem Technologietransfer&#8230;<\/p>\n","protected":false},"author":4,"featured_media":0,"parent":0,"menu_order":0,"comment_status":"closed","ping_status":"open","template":"","meta":{"_links_to":"","_links_to_target":""},"_links":{"self":[{"href":"https:\/\/www.intelligence-on-wheels.de\/de\/wp-json\/wp\/v2\/pages\/423"}],"collection":[{"href":"https:\/\/www.intelligence-on-wheels.de\/de\/wp-json\/wp\/v2\/pages"}],"about":[{"href":"https:\/\/www.intelligence-on-wheels.de\/de\/wp-json\/wp\/v2\/types\/page"}],"author":[{"embeddable":true,"href":"https:\/\/www.intelligence-on-wheels.de\/de\/wp-json\/wp\/v2\/users\/4"}],"replies":[{"embeddable":true,"href":"https:\/\/www.intelligence-on-wheels.de\/de\/wp-json\/wp\/v2\/comments?post=423"}],"version-history":[{"count":6,"href":"https:\/\/www.intelligence-on-wheels.de\/de\/wp-json\/wp\/v2\/pages\/423\/revisions"}],"predecessor-version":[{"id":1661,"href":"https:\/\/www.intelligence-on-wheels.de\/de\/wp-json\/wp\/v2\/pages\/423\/revisions\/1661"}],"wp:attachment":[{"href":"https:\/\/www.intelligence-on-wheels.de\/de\/wp-json\/wp\/v2\/media?parent=423"}],"curies":[{"name":"wp","href":"https:\/\/api.w.org\/{rel}","templated":true}]}}