{"id":410,"date":"2013-02-25T22:04:02","date_gmt":"2013-02-25T20:04:02","guid":{"rendered":"http:\/\/www.intelligence-on-wheels.de\/?page_id=410"},"modified":"2018-08-02T18:24:38","modified_gmt":"2018-08-02T16:24:38","slug":"home","status":"publish","type":"page","link":"https:\/\/www.intelligence-on-wheels.de\/de\/","title":{"rendered":"Home"},"content":{"rendered":"<div class=\"soliloquy-outer-container\" data-soliloquy-loaded=\"0\"><div aria-live=\"polite\" id=\"soliloquy-container-1639\" class=\"soliloquy-container soliloquy-transition-horizontal soliloquy-slide-horizontal soliloquy-arrows-active  soliloquy-theme-base no-js\" style=\"max-width:960px;margin:0 auto 20px;\"><ul id=\"soliloquy-1639\" class=\"soliloquy-slider soliloquy-slides soliloquy-wrap soliloquy-clear\"><li aria-hidden=\"true\" class=\"soliloquy-item soliloquy-item-1 soliloquy-id-393 soliloquy-image-slide\" draggable=\"false\" style=\"list-style:none;\"><a href=\"https:\/\/www.intelligence-on-wheels.de\/de\/unternehmen-2\/\" class=\"soliloquy-link\" title=\"We bring the I to ITS.\"><img loading=\"lazy\" id=\"soliloquy-image-393\" class=\"soliloquy-image soliloquy-image-1\" src=\"https:\/\/www.intelligence-on-wheels.de\/wp-content\/uploads\/2012\/12\/slider11-960x400_c.jpg\" alt=\"We bring the I to ITS.\" data-soliloquy-src-mobile=\"https:\/\/www.intelligence-on-wheels.de\/wp-content\/uploads\/2012\/12\/slider11-600x200_c.jpg\" \/><\/a><div class=\"soliloquy-caption soliloquy-caption-bottom soliloquy-caption-mobile\"><div class=\"soliloquy-caption-inside\">We bring the I to ITS.<\/div><\/div><\/li><li aria-hidden=\"true\" class=\"soliloquy-item soliloquy-item-2 soliloquy-id-1634 soliloquy-image-slide\" draggable=\"false\" style=\"list-style:none;\"><img loading=\"lazy\" id=\"soliloquy-image-1634\" class=\"soliloquy-image soliloquy-image-2 soliloquy-preload\" src=\"https:\/\/www.intelligence-on-wheels.de\/wp-content\/plugins\/soliloquy\/assets\/css\/images\/holder.gif\" data-soliloquy-src=\"https:\/\/www.intelligence-on-wheels.de\/wp-content\/uploads\/2012\/12\/slider31-960x400_c.jpg\" alt=\"Unser Produkt in Aktion: Die Erweiterung des Situationsbewusstseins des Fahrers.\" data-soliloquy-src-mobile=\"https:\/\/www.intelligence-on-wheels.de\/wp-content\/uploads\/2012\/12\/slider31-600x200_c.jpg\" \/><div class=\"soliloquy-caption soliloquy-caption-bottom soliloquy-caption-mobile\"><div class=\"soliloquy-caption-inside\">Unser Produkt in Aktion: Die Erweiterung des Situationsbewusstseins des Fahrers.<\/div><\/div><\/li><li aria-hidden=\"true\" class=\"soliloquy-item soliloquy-item-3 soliloquy-id-1635 soliloquy-image-slide\" draggable=\"false\" style=\"list-style:none;\"><img loading=\"lazy\" id=\"soliloquy-image-1635\" class=\"soliloquy-image soliloquy-image-3 soliloquy-preload\" src=\"https:\/\/www.intelligence-on-wheels.de\/wp-content\/plugins\/soliloquy\/assets\/css\/images\/holder.gif\" data-soliloquy-src=\"https:\/\/www.intelligence-on-wheels.de\/wp-content\/uploads\/2016\/10\/232_aktiv-960x400_c.jpg\" alt=\"Moderne IT trifft auf historische Z\u00fcge\" data-soliloquy-src-mobile=\"https:\/\/www.intelligence-on-wheels.de\/wp-content\/uploads\/2016\/10\/232_aktiv-600x200_c.jpg\" \/><div class=\"soliloquy-caption soliloquy-caption-bottom soliloquy-caption-mobile\"><div class=\"soliloquy-caption-inside\">Moderne IT trifft auf historische Z\u00fcge<\/div><\/div><\/li><li aria-hidden=\"true\" class=\"soliloquy-item soliloquy-item-4 soliloquy-id-1636 soliloquy-image-slide\" draggable=\"false\" style=\"list-style:none;\"><img loading=\"lazy\" id=\"soliloquy-image-1636\" class=\"soliloquy-image soliloquy-image-4 soliloquy-preload\" src=\"https:\/\/www.intelligence-on-wheels.de\/wp-content\/plugins\/soliloquy\/assets\/css\/images\/holder.gif\" data-soliloquy-src=\"https:\/\/www.intelligence-on-wheels.de\/wp-content\/uploads\/2016\/02\/ICC-Awards-2016-Winner-Intelligence-on-Wheels-3-960x400_c.jpg\" alt=\"Vielfach ausgezeichnet\" data-soliloquy-src-mobile=\"https:\/\/www.intelligence-on-wheels.de\/wp-content\/uploads\/2016\/02\/ICC-Awards-2016-Winner-Intelligence-on-Wheels-3-600x200_c.jpg\" \/><div class=\"soliloquy-caption soliloquy-caption-bottom soliloquy-caption-mobile\"><div class=\"soliloquy-caption-inside\">Vielfach ausgezeichnet<\/div><\/div><\/li><\/ul><\/div><noscript><div class=\"soliloquy-no-js\" style=\"display:none;visibility:hidden;height:0;line-height:0;opacity:0;\"><img class=\"soliloquy-image soliloquy-no-js-image skip-lazy\" loading=\"lazy\" src=\"https:\/\/www.intelligence-on-wheels.de\/wp-content\/uploads\/2012\/12\/slider11.jpg\" alt=\"We bring the I to ITS.\" \/><img class=\"soliloquy-image soliloquy-no-js-image skip-lazy\" loading=\"lazy\" src=\"https:\/\/www.intelligence-on-wheels.de\/wp-content\/uploads\/2012\/12\/slider31.jpg\" alt=\"Unser Produkt in Aktion: Die Erweiterung des Situationsbewusstseins des Fahrers.\" \/><img class=\"soliloquy-image soliloquy-no-js-image skip-lazy\" loading=\"lazy\" src=\"https:\/\/www.intelligence-on-wheels.de\/wp-content\/uploads\/2016\/10\/232_aktiv.jpg\" alt=\"Moderne IT trifft auf historische Z\u00fcge\" \/><img class=\"soliloquy-image soliloquy-no-js-image skip-lazy\" loading=\"lazy\" src=\"https:\/\/www.intelligence-on-wheels.de\/wp-content\/uploads\/2016\/02\/ICC-Awards-2016-Winner-Intelligence-on-Wheels-3.jpg\" alt=\"Vielfach ausgezeichnet\" \/><\/div><\/noscript><\/div>\n<p>Intelligence on Wheels (IoW), gegr\u00fcndet 2012, ist eine Ausgr\u00fcndung des Deutschen Zentrums f\u00fcr Luft- und Raumfahrt (DLR). IoW hat sich die Weiterentwicklung und Vermarktung des innovativen Systems zur Vermeidung von Zugkollisionen (TrainCAS) zur Aufgabe gemacht. Es ist unsere Vision, dass jeder Zug mit unserer mit zahlreichen Auszeichnungen versehenen Technologie als zus\u00e4tzlichem technischen Schutz ausgestattet wird. Unabh\u00e4ngig davon, welche Sicherheitstechnologie entlang der Strecke oder im Zug bereits installiert ist, erh\u00f6hen die Systeme das Sicherheitsniveau. Die TrainCAS-Technologie soll bei Bau- und Instandhaltungsfahrzeugen, die auf oder in der N\u00e4he von Gleisen arbeiten, eingesetzt werden. Dar\u00fcber hinaus werden den Kunden eine Vielzahl von Dienstleistungen angeboten, wie z.B. die Erstellung von elektronischen Karten.<\/p>\n<p>&nbsp;<\/p>\n","protected":false},"excerpt":{"rendered":"<p>Intelligence on Wheels (IoW), gegr\u00fcndet 2012, ist eine Ausgr\u00fcndung des Deutschen Zentrums f\u00fcr Luft- und Raumfahrt (DLR). IoW hat sich die Weiterentwicklung und Vermarktung des innovativen Systems zur Vermeidung von&#8230;<\/p>\n","protected":false},"author":4,"featured_media":0,"parent":0,"menu_order":8,"comment_status":"closed","ping_status":"open","template":"home.php","meta":{"_links_to":"","_links_to_target":""},"_links":{"self":[{"href":"https:\/\/www.intelligence-on-wheels.de\/de\/wp-json\/wp\/v2\/pages\/410"}],"collection":[{"href":"https:\/\/www.intelligence-on-wheels.de\/de\/wp-json\/wp\/v2\/pages"}],"about":[{"href":"https:\/\/www.intelligence-on-wheels.de\/de\/wp-json\/wp\/v2\/types\/page"}],"author":[{"embeddable":true,"href":"https:\/\/www.intelligence-on-wheels.de\/de\/wp-json\/wp\/v2\/users\/4"}],"replies":[{"embeddable":true,"href":"https:\/\/www.intelligence-on-wheels.de\/de\/wp-json\/wp\/v2\/comments?post=410"}],"version-history":[{"count":8,"href":"https:\/\/www.intelligence-on-wheels.de\/de\/wp-json\/wp\/v2\/pages\/410\/revisions"}],"predecessor-version":[{"id":1640,"href":"https:\/\/www.intelligence-on-wheels.de\/de\/wp-json\/wp\/v2\/pages\/410\/revisions\/1640"}],"wp:attachment":[{"href":"https:\/\/www.intelligence-on-wheels.de\/de\/wp-json\/wp\/v2\/media?parent=410"}],"curies":[{"name":"wp","href":"https:\/\/api.w.org\/{rel}","templated":true}]}}