{"id":1708,"date":"2018-09-14T12:56:57","date_gmt":"2018-09-14T10:56:57","guid":{"rendered":"http:\/\/www.intelligence-on-wheels.de\/?page_id=1708"},"modified":"2018-09-15T11:57:42","modified_gmt":"2018-09-15T09:57:42","slug":"evp","status":"publish","type":"page","link":"https:\/\/www.intelligence-on-wheels.de\/de\/products\/evp\/","title":{"rendered":"Emergency Vehicle Protection"},"content":{"rendered":"<h2>Warnung von Einsatzkr\u00e4ften in Polizei- und Rettungsfahrzeugen<\/h2>\n<p><a href=\"http:\/\/www.intelligence-on-wheels.de\/wp-content\/uploads\/2018\/09\/iow_flyer_TWP_web.pdf\"><img loading=\"lazy\" class=\"aligncenter size-large wp-image-1676\" src=\"http:\/\/www.intelligence-on-wheels.de\/wp-content\/uploads\/2018\/09\/EV_vs_Train-klein-630x418.jpg\" alt=\"\" width=\"630\" height=\"418\" srcset=\"https:\/\/www.intelligence-on-wheels.de\/wp-content\/uploads\/2018\/09\/EV_vs_Train-klein-630x418.jpg 630w, https:\/\/www.intelligence-on-wheels.de\/wp-content\/uploads\/2018\/09\/EV_vs_Train-klein-300x199.jpg 300w, https:\/\/www.intelligence-on-wheels.de\/wp-content\/uploads\/2018\/09\/EV_vs_Train-klein-768x510.jpg 768w, https:\/\/www.intelligence-on-wheels.de\/wp-content\/uploads\/2018\/09\/EV_vs_Train-klein.jpg 1361w\" sizes=\"(max-width: 630px) 100vw, 630px\" \/><\/a><br \/>\nRettungs- und Einsatzfahrzeuge verschaffen sich im Einsatz mit Blaulicht und Sirene freie Fahrt auf den Stra\u00dfen. Wenn es um die Rettung von Menschenleben geht, ist alles andere nachrangig.<br \/>\nEinsatzfahrten unter Blaulicht bedeuten besonders anspruchsvolle Verkehrssituationen f\u00fcr alle Verkehrsteilnehmer. Wie das <a href=\"http:\/\/www.intelligence-on-wheels.de\/wp-content\/uploads\/2018\/09\/gerastert-400-geschnitten-papieren-ausgeschnitten.png\" data-rel=\"lightbox-image-0\" data-rl_title=\"\" data-rl_caption=\"\" title=\"\">Beispiel aus 2018<\/a> zeigt, kann trotz spezieller Schulungen und erh\u00f6hter Aufmerksamkeit der Fahrer ein herannahender Zug bei einer Einsatzfahrt an Bahn\u00fcberg\u00e4ngen ein Kollisionsrisiko darstellen \u2013 insbesondere da die Bremswege von Z\u00fcgen sehr lang sind.<\/p>\n<p>Die <strong>Emergency Vehicle Protection<\/strong> l\u00f6st diesen Konflikt auf: Die Anwendung \u201eerkennt\u201c, dass Z\u00fcge in der N\u00e4he sind und die Gefahr einer Kollision besteht. Besteht die M\u00f6glichkeit einer Kollision, wird die Besatzung des Einsatzfahrzeuges fr\u00fchzeitig gewarnt und kann sich auf die Situation einstellen. Mit der Anwendung werden die Sekunden gewonnen, die so oft entscheidend sind!<\/p>\n<p>Selbstverst\u00e4ndlich sind die Warnungen nicht zwingenderweise auf Bahn\u00fcberg\u00e4nge beschr\u00e4nkt \u2013 auch bei Eins\u00e4tzen an der freien Strecke sind die Einsatzkr\u00e4fte, ob im Fahrzeug oder ausgestiegen, bestens gesch\u00fctzt.<\/p>\n<p>Download des <a href=\"http:\/\/www.intelligence-on-wheels.de\/wp-content\/uploads\/2018\/09\/iow_flyer_TWP_web.pdf\" target=\"_blank\" rel=\"noopener\">Datenblatts<\/a>.<\/p>\n","protected":false},"excerpt":{"rendered":"<p>Warnung von Einsatzkr\u00e4ften in Polizei- und Rettungsfahrzeugen Rettungs- und Einsatzfahrzeuge verschaffen sich im Einsatz mit Blaulicht und Sirene freie Fahrt auf den Stra\u00dfen. Wenn es um die Rettung von Menschenleben&#8230;<\/p>\n","protected":false},"author":2,"featured_media":1677,"parent":440,"menu_order":14,"comment_status":"closed","ping_status":"closed","template":"","meta":{"_links_to":"","_links_to_target":""},"_links":{"self":[{"href":"https:\/\/www.intelligence-on-wheels.de\/de\/wp-json\/wp\/v2\/pages\/1708"}],"collection":[{"href":"https:\/\/www.intelligence-on-wheels.de\/de\/wp-json\/wp\/v2\/pages"}],"about":[{"href":"https:\/\/www.intelligence-on-wheels.de\/de\/wp-json\/wp\/v2\/types\/page"}],"author":[{"embeddable":true,"href":"https:\/\/www.intelligence-on-wheels.de\/de\/wp-json\/wp\/v2\/users\/2"}],"replies":[{"embeddable":true,"href":"https:\/\/www.intelligence-on-wheels.de\/de\/wp-json\/wp\/v2\/comments?post=1708"}],"version-history":[{"count":5,"href":"https:\/\/www.intelligence-on-wheels.de\/de\/wp-json\/wp\/v2\/pages\/1708\/revisions"}],"predecessor-version":[{"id":1768,"href":"https:\/\/www.intelligence-on-wheels.de\/de\/wp-json\/wp\/v2\/pages\/1708\/revisions\/1768"}],"up":[{"embeddable":true,"href":"https:\/\/www.intelligence-on-wheels.de\/de\/wp-json\/wp\/v2\/pages\/440"}],"wp:featuredmedia":[{"embeddable":true,"href":"https:\/\/www.intelligence-on-wheels.de\/de\/wp-json\/wp\/v2\/media\/1677"}],"wp:attachment":[{"href":"https:\/\/www.intelligence-on-wheels.de\/de\/wp-json\/wp\/v2\/media?parent=1708"}],"curies":[{"name":"wp","href":"https:\/\/api.w.org\/{rel}","templated":true}]}}