{"id":1576,"date":"2018-07-12T15:05:54","date_gmt":"2018-07-12T13:05:54","guid":{"rendered":"http:\/\/www.intelligence-on-wheels.de\/?page_id=1576"},"modified":"2018-08-03T11:13:27","modified_gmt":"2018-08-03T09:13:27","slug":"hmi","status":"publish","type":"page","link":"https:\/\/www.intelligence-on-wheels.de\/de\/products\/hmi\/","title":{"rendered":"F\u00fchrerstand Display (HMI)"},"content":{"rendered":"<h2>F\u00fchrerstandsanzeige zum Kollisionswarnsystem<\/h2>\n<p><img loading=\"lazy\" class=\"alignleft size-medium wp-image-1164\" title=\"Essential HMI (Italian)\" src=\"http:\/\/www.intelligence-on-wheels.de\/wp-content\/uploads\/2016\/09\/EHMI-300x160.jpg\" width=\"300\" height=\"160\" srcset=\"https:\/\/www.intelligence-on-wheels.de\/wp-content\/uploads\/2016\/09\/EHMI-300x160.jpg 300w, https:\/\/www.intelligence-on-wheels.de\/wp-content\/uploads\/2016\/09\/EHMI-768x410.jpg 768w, https:\/\/www.intelligence-on-wheels.de\/wp-content\/uploads\/2016\/09\/EHMI-630x336.jpg 630w, https:\/\/www.intelligence-on-wheels.de\/wp-content\/uploads\/2016\/09\/EHMI.jpg 1448w\" sizes=\"(max-width: 300px) 100vw, 300px\" \/>W\u00e4hrend die 19&#8243; &#8211; Fahrzeugeinheit des Systems die gesamte komplexe Verkehrs- und Situationsanalyse \u00fcbernimmt, ist eine &#8222;Mensch-Maschine-Schnittstelle&#8220; (Human Machine Interface, HMI) daf\u00fcr zust\u00e4ndig, die relevantesten situationsabh\u00e4ngigen Informationen dem Fahrzeugf\u00fchrer zur Verf\u00fcgung zu stellen. Wir bieten verschiedene Arten von HMI an, um den unterschiedlichen Anforderungen des Betreibers gerecht zu werden. Das HMI kann so einfach sein wie ein akustisches und\/oder blinkendes Lichtsignal oder so umfassende Darstellungsm\u00f6glichkeiten haben, dass es neben der Warnung vor einer Kollision auch eine Visualisierung aller Z\u00fcge in der Umgebung vornimmt und die Gleistopologie im Hintergrund anzeigt.<\/p>\n<p>Hier finden Sie das <a href=\"http:\/\/www.intelligence-on-wheels.de\/wp-content\/uploads\/2016\/09\/iow_flyer_EHMI_092016_web.pdf\" target=\"_blank\" rel=\"noopener\">Datenblatt (nur Englisch)<\/a>.<\/p>\n","protected":false},"excerpt":{"rendered":"<p>F\u00fchrerstandsanzeige zum Kollisionswarnsystem W\u00e4hrend die 19&#8243; &#8211; Fahrzeugeinheit des Systems die gesamte komplexe Verkehrs- und Situationsanalyse \u00fcbernimmt, ist eine &#8222;Mensch-Maschine-Schnittstelle&#8220; (Human Machine Interface, HMI) daf\u00fcr zust\u00e4ndig, die relevantesten situationsabh\u00e4ngigen Informationen&#8230;<\/p>\n","protected":false},"author":2,"featured_media":0,"parent":440,"menu_order":17,"comment_status":"closed","ping_status":"closed","template":"","meta":{"_links_to":"","_links_to_target":""},"_links":{"self":[{"href":"https:\/\/www.intelligence-on-wheels.de\/de\/wp-json\/wp\/v2\/pages\/1576"}],"collection":[{"href":"https:\/\/www.intelligence-on-wheels.de\/de\/wp-json\/wp\/v2\/pages"}],"about":[{"href":"https:\/\/www.intelligence-on-wheels.de\/de\/wp-json\/wp\/v2\/types\/page"}],"author":[{"embeddable":true,"href":"https:\/\/www.intelligence-on-wheels.de\/de\/wp-json\/wp\/v2\/users\/2"}],"replies":[{"embeddable":true,"href":"https:\/\/www.intelligence-on-wheels.de\/de\/wp-json\/wp\/v2\/comments?post=1576"}],"version-history":[{"count":5,"href":"https:\/\/www.intelligence-on-wheels.de\/de\/wp-json\/wp\/v2\/pages\/1576\/revisions"}],"predecessor-version":[{"id":1649,"href":"https:\/\/www.intelligence-on-wheels.de\/de\/wp-json\/wp\/v2\/pages\/1576\/revisions\/1649"}],"up":[{"embeddable":true,"href":"https:\/\/www.intelligence-on-wheels.de\/de\/wp-json\/wp\/v2\/pages\/440"}],"wp:attachment":[{"href":"https:\/\/www.intelligence-on-wheels.de\/de\/wp-json\/wp\/v2\/media?parent=1576"}],"curies":[{"name":"wp","href":"https:\/\/api.w.org\/{rel}","templated":true}]}}